{"id":157,"date":"2021-04-02T13:42:48","date_gmt":"2021-04-02T13:42:48","guid":{"rendered":"https:\/\/romagnacongressi.it\/?page_id=157"},"modified":"2023-02-13T11:28:27","modified_gmt":"2023-02-13T11:28:27","slug":"romagna-congressi-en","status":"publish","type":"page","link":"https:\/\/romagnacongressi.it\/en\/","title":{"rendered":"Romagna Congressi EN"},"content":{"rendered":"<h3>Romagna Congressi, il tuo specialista di fiducia<\/h3>\n<p>Chi non vorrebbe a fianco a s\u00e9 un partner affidabile e attento?<br \/>\nEd \u00e8 proprio ci\u00f2 che noi siamo: il partner ideale per l\u2019organizzazione del tuo evento in Romagna.<\/p>\n<p>Sia esso un congresso, una convention, un viaggio incentive o piuttosto un evento di formazione o meeting aziendale, il nostro staff \u00e8 pronto a lavorare al tuo fianco per dar vita a un\u2019esperienza unica.<\/p>\n<p>Dalla ricerca della sede ospitante, alla disposizione dell\u2019offerta ricettiva e organizzazione dei trasporti, fino allo studio del programma e la definizione delle attivit\u00e0 post congress. In ogni fase del tuo evento, Romagna Congressi dispone della giusta risposta ad ogni necessit\u00e0.<\/p>\n<p>La nostra consolidata esperienza nel settore dell\u2019ospitalit\u00e0, la professionalit\u00e0 che ci contraddistingue e la profonda conoscenza del territorio, sono i valori che ci rendono i partner ideali per la gestione integrata del tuo prossimo evento. Uniamo infatti le competenze tipiche di una destination management company all\u2019assistenza nella progettazione dell\u2019evento, garantendoti una rete di relazioni con i migliori fornitori del territorio.<\/p>\n","protected":false},"excerpt":{"rendered":"<p>Romagna Congressi, il tuo specialista di fiducia Chi non vorrebbe a fianco a s\u00e9 un partner affidabile e attento? Ed \u00e8 proprio ci\u00f2 che noi siamo: il partner ideale per l\u2019organizzazione del tuo evento in Romagna. Sia esso un congresso, una convention, un viaggio incentive o piuttosto un evento di formazione o meeting aziendale, il nostro staff \u00e8 pronto a lavorare al tuo fianco per dar vita a un\u2019esperienza unica. &#8230;<\/p>\n","protected":false},"author":1,"featured_media":0,"parent":0,"menu_order":0,"comment_status":"closed","ping_status":"closed","template":"","meta":{"_acf_changed":false},"class_list":["post-157","page","type-page","status-publish","hentry"],"acf":[],"featured_image_src":null,"_links":{"self":[{"href":"https:\/\/romagnacongressi.it\/en\/wp-json\/wp\/v2\/pages\/157","targetHints":{"allow":["GET"]}}],"collection":[{"href":"https:\/\/romagnacongressi.it\/en\/wp-json\/wp\/v2\/pages"}],"about":[{"href":"https:\/\/romagnacongressi.it\/en\/wp-json\/wp\/v2\/types\/page"}],"author":[{"embeddable":true,"href":"https:\/\/romagnacongressi.it\/en\/wp-json\/wp\/v2\/users\/1"}],"replies":[{"embeddable":true,"href":"https:\/\/romagnacongressi.it\/en\/wp-json\/wp\/v2\/comments?post=157"}],"version-history":[{"count":0,"href":"https:\/\/romagnacongressi.it\/en\/wp-json\/wp\/v2\/pages\/157\/revisions"}],"wp:attachment":[{"href":"https:\/\/romagnacongressi.it\/en\/wp-json\/wp\/v2\/media?parent=157"}],"curies":[{"name":"wp","href":"https:\/\/api.w.org\/{rel}","templated":true}]}}